{"id":36,"date":"2017-06-07T07:48:20","date_gmt":"2017-06-07T07:48:20","guid":{"rendered":"http:\/\/massage.nerla.hu\/?page_id=36"},"modified":"2025-09-14T14:26:09","modified_gmt":"2025-09-14T12:26:09","slug":"magunkrol","status":"publish","type":"page","link":"https:\/\/eroticmassage.hu\/hu\/magunkrol\/","title":{"rendered":"Magunkr\u00f3l"},"content":{"rendered":"<p>Kedves L\u00e1togat\u00f3!<\/p>\n<p>\u00dcdv\u00f6z\u00f6lj\u00fck\u00a0szalonunk honlapj\u00e1n!<\/p>\n<p>Mott\u00f3nk: Sz\u00ednvonalas\u00a0 kikapcsol\u00f3d\u00e1s, DISZKR\u00c9CI\u00d3, BIZTONS\u00c1G v\u00e1logatott ig\u00e9nyes, kedves\u00a0 massz\u0151z\u00f6k. Felh\u00edvjuk Kedves L\u00e1togat\u00f3ink figyelm\u00e9t, hogy szalonunkban kiz\u00e1r\u00f3lag\u00a0 relax\u00e1ci\u00f3s massz\u00e1zs vehet\u0151 ig\u00e9nybe, szexu\u00e1lis szolg\u00e1ltat\u00e1st semmilyen form\u00e1ban nem ny\u00fajtunk \u00e9s k\u00e9rj\u00fck sz\u00e9pen ezt tiszteletben tartani! Az erotikus t\u00f6ltet\u0171 (m\u00e1r a massz\u00e1zs l\u00e9nyeg\u00e9b\u0151l az \u00e9rint\u00e9ster\u00e1pi\u00e1b\u00f3l fakad\u00f3) k\u00e9nyeztet\u0151 sv\u00e9d \u00e9s egy\u00e9b massz\u00e1zsvari\u00e1ci\u00f3k nem \u00f6sszet\u00e9vesztend\u0151ek az erotikus massz\u00e1zs Budapest egy\u00e9b szalonjaiban ny\u00fajtott massz\u00e1zsnak &#8222;bec\u00e9zett&#8221; szexmassz\u00e1zs\u00e1val.<\/p>\n<p>KELLEMES KIKAPCSOL\u00d3D\u00c1ST K\u00cdV\u00c1NUNK!<\/p>\n<p>Dreamhouse Massz\u00e1zsszalon &#8211; AZ IG\u00c9NYES TESTI-LELKI\u00a0 KIKAPCSOL\u00d3D\u00c1SRA V\u00c1GY\u00d3K \u00c1LOMH\u00c1ZA. A h\u00e9t minden napj\u00e1n 10:00-t\u0151l 20:30-ig v\u00e1rjuk telefonon \u00e9rdekl\u0151d\u00e9s\u00e9t, \u00e1llunk rendelkez\u00e9s\u00e9re r\u00e9szletes inform\u00e1ci\u00f3kkal, id\u0151pont egyeztet\u00e9ssel, valamint seg\u00edt\u00fcnk eligazodni \u00e9s kiv\u00e1lasztani az \u00d6nnek legmegfelel\u0151bb massz\u00e1zsvari\u00e1ci\u00f3t.<\/p>\n<p>A hozz\u00e1nk ell\u00e1togat\u00f3 Vend\u00e9g garant\u00e1ltan felfriss\u00fclve, ellazulva,\u00a0 kikapcsol\u00f3dva \u00e9rezheti mag\u00e1t.\u00a0A massz\u0151zh\u00f6lgyek kellemes l\u00e9gk\u00f6rt teremtve gondoskodnak arr\u00f3l, hogy a hozz\u00e1nk\u00a0l\u00e1togat\u00f3 a\u00a0 nyugalom sziget\u00e9n \u00e9rezze mag\u00e1t.<\/p>\n<p>Dreamhouse Massage Budapest<\/p>\n","protected":false},"excerpt":{"rendered":"<p>Kedves L\u00e1togat\u00f3! \u00dcdv\u00f6z\u00f6lj\u00fck\u00a0szalonunk honlapj\u00e1n! Mott\u00f3nk: Sz\u00ednvonalas\u00a0 kikapcsol\u00f3d\u00e1s, DISZKR\u00c9CI\u00d3, BIZTONS\u00c1G v\u00e1logatott ig\u00e9nyes, kedves\u00a0 massz\u0151z\u00f6k. Felh\u00edvjuk Kedves L\u00e1togat\u00f3ink figyelm\u00e9t, hogy szalonunkban kiz\u00e1r\u00f3lag\u00a0 relax\u00e1ci\u00f3s massz\u00e1zs vehet\u0151 ig\u00e9nybe, szexu\u00e1lis szolg\u00e1ltat\u00e1st semmilyen form\u00e1ban nem ny\u00fajtunk \u00e9s k\u00e9rj\u00fck sz\u00e9pen ezt tiszteletben tartani! Az erotikus t\u00f6ltet\u0171 (m\u00e1r a massz\u00e1zs l\u00e9nyeg\u00e9b\u0151l az \u00e9rint\u00e9ster\u00e1pi\u00e1b\u00f3l fakad\u00f3) k\u00e9nyeztet\u0151 sv\u00e9d \u00e9s egy\u00e9b massz\u00e1zsvari\u00e1ci\u00f3k nem \u00f6sszet\u00e9vesztend\u0151ek az erotikus [&hellip;]<\/p>\n","protected":false},"author":4,"featured_media":0,"parent":0,"menu_order":0,"comment_status":"closed","ping_status":"closed","template":"","meta":{"footnotes":""},"class_list":["post-36","page","type-page","status-publish","hentry"],"_links":{"self":[{"href":"https:\/\/eroticmassage.hu\/hu\/wp-json\/wp\/v2\/pages\/36","targetHints":{"allow":["GET"]}}],"collection":[{"href":"https:\/\/eroticmassage.hu\/hu\/wp-json\/wp\/v2\/pages"}],"about":[{"href":"https:\/\/eroticmassage.hu\/hu\/wp-json\/wp\/v2\/types\/page"}],"author":[{"embeddable":true,"href":"https:\/\/eroticmassage.hu\/hu\/wp-json\/wp\/v2\/users\/4"}],"replies":[{"embeddable":true,"href":"https:\/\/eroticmassage.hu\/hu\/wp-json\/wp\/v2\/comments?post=36"}],"version-history":[{"count":7,"href":"https:\/\/eroticmassage.hu\/hu\/wp-json\/wp\/v2\/pages\/36\/revisions"}],"predecessor-version":[{"id":6065,"href":"https:\/\/eroticmassage.hu\/hu\/wp-json\/wp\/v2\/pages\/36\/revisions\/6065"}],"wp:attachment":[{"href":"https:\/\/eroticmassage.hu\/hu\/wp-json\/wp\/v2\/media?parent=36"}],"curies":[{"name":"wp","href":"https:\/\/api.w.org\/{rel}","templated":true}]}}