{"id":29,"date":"2017-06-05T16:47:23","date_gmt":"2017-06-05T16:47:23","guid":{"rendered":"http:\/\/massage.nerla.hu\/?page_id=29"},"modified":"2026-03-06T13:27:45","modified_gmt":"2026-03-06T11:27:45","slug":"szolgaltatasok","status":"publish","type":"page","link":"https:\/\/eroticmassage.hu\/hu\/szolgaltatasok\/","title":{"rendered":"Szolg\u00e1ltat\u00e1sok"},"content":{"rendered":"\n<p>Az al\u00e1bbi szolg\u00e1ltat\u00e1saink k\u00f6z\u00fcl v\u00e1laszthat a hozz\u00e1nk ell\u00e1togat\u00f3 Kedves Vend\u00e9g, ahol okleveles, kedves massz\u0151zh\u00f6lgyek v\u00e1rj\u00e1k Budapesten!<\/p>\n\n\n\n<p class=\"p1\">Szolg\u00e1ltat\u00e1saink a Dreamhouse erotikus massz\u00e1zs szalonban \u00e9rhet\u0151k el\u2026<\/p>\n\n\n\n<p><strong>\u00a0Pezsg\u0151f\u00fcrd\u0151s k\u00e9nyeztet\u00e9s\u00a0<\/strong><\/p>\r\n<div class=\"wp-block-columns\">\r\n<div class=\"wp-block-column\">\n\n\n\n<figure class=\"wp-block-image size-large\"><img fetchpriority=\"high\" decoding=\"async\" width=\"540\" height=\"300\" src=\"https:\/\/eroticmassage.hu\/wp-content\/uploads\/2020\/05\/pezsg\u0151f\u00fcrd\u0151-2.jpg\" alt=\"\" class=\"wp-image-2631\" srcset=\"https:\/\/eroticmassage.hu\/wp-content\/uploads\/2020\/05\/pezsg\u0151f\u00fcrd\u0151-2.jpg 540w, https:\/\/eroticmassage.hu\/wp-content\/uploads\/2020\/05\/pezsg\u0151f\u00fcrd\u0151-2-300x167.jpg 300w, https:\/\/eroticmassage.hu\/wp-content\/uploads\/2020\/05\/pezsg\u0151f\u00fcrd\u0151-2-200x111.jpg 200w, https:\/\/eroticmassage.hu\/wp-content\/uploads\/2020\/05\/pezsg\u0151f\u00fcrd\u0151-2-480x267.jpg 480w\" sizes=\"(max-width: 540px) 100vw, 540px\" \/><\/figure>\n\n\n<p><!-- \/wp:post-content --><br \/><!-- wp:column --><\/p>\n<div class=\"wp-block-column\"><!-- wp:image {\"id\":2629,\"sizeSlug\":\"large\"} -->\n<figure class=\"wp-block-image size-large\"><img decoding=\"async\" width=\"540\" height=\"300\" class=\"wp-image-2629 lazyload\" data-src=\"https:\/\/eroticmassage.hu\/wp-content\/uploads\/2020\/05\/jakuzzi-2.jpg\" alt=\"\" data-srcset=\"https:\/\/eroticmassage.hu\/wp-content\/uploads\/2020\/05\/jakuzzi-2.jpg 540w, https:\/\/eroticmassage.hu\/wp-content\/uploads\/2020\/05\/jakuzzi-2-300x167.jpg 300w, https:\/\/eroticmassage.hu\/wp-content\/uploads\/2020\/05\/jakuzzi-2-200x111.jpg 200w, https:\/\/eroticmassage.hu\/wp-content\/uploads\/2020\/05\/jakuzzi-2-480x267.jpg 480w\" data-sizes=\"(max-width: 540px) 100vw, 540px\" src=\"data:image\/svg+xml;base64,PHN2ZyB3aWR0aD0iMSIgaGVpZ2h0PSIxIiB4bWxucz0iaHR0cDovL3d3dy53My5vcmcvMjAwMC9zdmciPjwvc3ZnPg==\" style=\"--smush-placeholder-width: 540px; --smush-placeholder-aspect-ratio: 540\/300;\" \/><\/figure>\n<p><!-- \/wp:image --><br \/><!-- wp:image {\"id\":2625,\"sizeSlug\":\"large\"} \/--><\/p>\n<\/div>\n<p><!-- \/wp:column --><\/p>\n<p><!-- \/wp:columns --><br \/><!-- wp:paragraph --><\/p>\n<p>A relax\u00e1ci\u00f3 fels\u0151foka: akik a v\u00edz szerelmesei azoknak nincs jobb kikapcsol\u00f3d\u00e1s egy kellemesen csobog\u00f3 pezsg\u0151f\u00fcrd\u0151n\u00e9l\u00a0egy gy\u00f6ny\u00f6r\u0171 l\u00e1nnyal, aki k\u00f6zben minden mozdulat\u00e1val seg\u00edt kiszak\u00edtani a stresszes h\u00e9tk\u00f6znapokb\u00f3l. \u00c9lvezze az \u00e9letet \u00e9s felejtse el a gondokat egy \u00fcveg ital mellett, a legszebb l\u00e1nyok t\u00e1rsas\u00e1g\u00e1ban kiz\u00e1rva a\u00a0k\u00fclvil\u00e1got.<\/p>\n<p><!-- \/wp:paragraph --><br \/><!-- wp:paragraph --><!-- \/wp:paragraph --><br \/><!-- wp:paragraph --><\/p>\n<p><strong><a href=\"https:\/\/eroticmassage.hu\/kenyezteto-masszazs\/\">K\u00e9nyeztet\u0151 massz\u00e1zs\u00a0<\/a><\/strong><\/p>\n<p><!-- \/wp:paragraph --><br \/><!-- wp:paragraph --><\/p>\n<p>Aki laz\u00edt\u00e1sra, k\u00e9nyeztet\u00e9sre v\u00e1gyik, annak a \u00a0k\u00e9nyeztet\u0151 massz\u00e1zs szolg\u00e1ltat\u00e1sunkat aj\u00e1nljuk. \u00a0A testet illatos, felmeleg\u00edtett olajjal, l\u00e1gy sim\u00edt\u00f3 mozdulatokkal \u00a0massz\u00edrozzuk. A test \u00e9s l\u00e9lek k\u00e9nyeztet\u00e9se magas fokon.<\/p>\n<p><!-- \/wp:paragraph --><br \/><!-- wp:paragraph --><\/p>\n<p><strong><a href=\"https:\/\/eroticmassage.hu\/sved-masszazs\/\">Sv\u00e9d massz\u00e1zs<\/a><\/strong><\/p>\n<p><!-- \/wp:paragraph --><br \/><!-- wp:paragraph --><\/p>\n<p>Az egyik legelterjedtebb \u00e9s legismertebb \u00a0massz\u00e1zsfajta. Ez a szolg\u00e1ltat\u00e1s rendk\u00edv\u00fcl sokr\u00e9t\u0171, \u00edgy az\u00a0 \u00e1ltala kezelt probl\u00e9m\u00e1k sora is hossz\u00fara ny\u00falik. Az \u00f6t alapfog\u00e1st \u00a0alkalmazva friss\u00edtj\u00fck a szervezetet, cs\u00f6kkentj\u00fck a stresszt \u00e9s a f\u00e1radts\u00e1g \u00e9rz\u00e9s\u00e9t.<\/p>\n<p><!-- \/wp:paragraph --><br \/><!-- wp:paragraph --><\/p>\n<p><strong><a href=\"https:\/\/eroticmassage.hu\/gyogymasszazs\/\">Gy\u00f3gymassz\u00e1zs<\/a><\/strong><\/p>\n<p><!-- \/wp:paragraph --><br \/><!-- wp:paragraph --><\/p>\n<p>V\u00e9rkering\u00e9st serkent\u0151, izomlaz\u00edt\u00f3, anyagcsere-fokoz\u00f3, j\u00f3 hat\u00e1ssal van az immunrendszerre. F\u00e1jdalomcsillap\u00edt\u00f3 hat\u00e1sa is k\u00f6zismert ennek a massz\u00e1zsfajt\u00e1nak.<\/p>\n<p><!-- \/wp:paragraph --><br \/><!-- wp:paragraph --><\/p>\n<p><strong><a href=\"https:\/\/eroticmassage.hu\/reszmasszazsok\/\">R\u00e9szmassz\u00e1zsok<\/a><\/strong><\/p>\n<p><!-- \/wp:paragraph --><br \/><!-- wp:paragraph --><\/p>\n<p>Itt csak bizonyos ter\u00fcletek massz\u00edroz\u00e1s\u00e1ra ker\u00fcl sor.<br \/>(pl: karmassz\u00e1zs, h\u00e1tmassz\u00e1zs, l\u00e1bmassz\u00e1zs, arcmassz\u00e1zs, nyak-v\u00e1ll\u00f6vi massz\u00e1zs)<\/p>\n<p><!-- \/wp:paragraph --><br \/><!-- wp:paragraph --><\/p>\n<p><strong><a href=\"https:\/\/eroticmassage.hu\/frissito-masszazs\/\">Friss\u00edt\u0151 massz\u00e1zs<\/a><\/strong><\/p>\n<p><!-- \/wp:paragraph --><br \/><!-- wp:paragraph --><\/p>\n<p>Cs\u00f6kkenti a f\u00e1rads\u00e1g\u00e9rzetet, feloldja az izmokba z\u00e1rt g\u00f6rcs\u00f6ket, fesz\u00fclts\u00e9get, k\u00f6z\u00e9rzetjav\u00edt\u00f3 hat\u00e1sa van test\u00fcnkre lelk\u00fcnkre.<\/p>\n<p><!-- \/wp:paragraph --><br \/><!-- wp:paragraph --><\/p>\n<p><strong><a href=\"https:\/\/eroticmassage.hu\/sportmasszazs\/\">Sportmassz\u00e1zs<\/a><\/strong><\/p>\n<p><!-- \/wp:paragraph --><br \/><!-- wp:paragraph --><\/p>\n<p>A sportol\u00e1ssal ig\u00e9nybe vett test laz\u00edt\u00e1s\u00e1ra, az izoml\u00e1z megsz\u00fcntet\u00e9s\u00e9re aj\u00e1nlott massz\u00e1zsfajta.<\/p>\n<p><!-- \/wp:paragraph --><br \/><!-- wp:paragraph --><\/p>\n<p><a href=\"https:\/\/eroticmassage.hu\/menedzser-masszazs\/\"><strong>Menedzser massz\u00e1zs<\/strong><\/a><\/p>\n<p><!-- \/wp:paragraph --><br \/><!-- wp:paragraph --><\/p>\n<p>Az \u00fcl\u0151 munk\u00e1t v\u00e9gz\u0151knek k\u00fcl\u00f6n\u00f6sen aj\u00e1nlott. Speci\u00e1lis massz\u00e1zssz\u00e9ken t\u00f6rt\u00e9nik, kb. 15-20 percet vesz ig\u00e9nybe, itt ruh\u00e1ban t\u00f6rt\u00e9nik a massz\u00e1zs.<\/p>\n<p><!-- \/wp:paragraph --><br \/><!-- wp:paragraph --><\/p>\n<p><strong><a href=\"https:\/\/eroticmassage.hu\/relax-masszazs\/\">Relax massz\u00e1zs<\/a><\/strong><\/p>\n<p><!-- \/wp:paragraph --><br \/><!-- wp:paragraph --><\/p>\n<p>Nyugodt k\u00f6rnyezetben, felmeleg\u00edtett ill\u00f3olajjal t\u00f6rt\u00e9n\u0151 massz\u00e1zsfajta. A meleg m\u00e1r \u00f6nmag\u00e1ban is seg\u00edt a laz\u00edt\u00e1sban, relax\u00e1ci\u00f3ban. A kezel\u00e9s elny\u00fajtott mozdulatokb\u00f3l \u00e1ll, melyet a teljes testfel\u00fcleten \u00f6sszef\u00fcgg\u0151en alkalmazzuk.<\/p>\n<p><!-- \/wp:paragraph --><br \/><!-- wp:paragraph --><\/p>\n<p><strong><a href=\"https:\/\/eroticmassage.hu\/negykezes-masszazs\/\">N\u00e9gykezes massz\u00e1zs<\/a><\/strong><\/p>\n<p><!-- \/wp:paragraph --><br \/><!-- wp:paragraph --><\/p>\n<p>Teljes harm\u00f3ni\u00e1ban k\u00e9t massz\u0151z v\u00e9gzi a massz\u00e1zst hull\u00e1mz\u00f3 mozdulatokkal.<\/p>\n<p><!-- \/wp:paragraph --><br \/><!-- wp:paragraph --><\/p>\n<p><strong><a href=\"https:\/\/eroticmassage.hu\/mauri-masszazs\/\">Mauri massz\u00e1zs<\/a><\/strong><\/p>\n<p><!-- \/wp:paragraph --><br \/><!-- wp:paragraph --><\/p>\n<p>Alkarral t\u00f6rt\u00e9n\u0151, \u00e1raml\u00f3 mozdulatokb\u00f3l \u00e1ll\u00f3 massz\u00e1zs, melyn\u00e9l meleg\u00edtett olajat haszn\u00e1l a massz\u0151z. A massz\u00e1zs hat\u00e1s\u00e1ra megsz\u0171nik az izomfesz\u00fclts\u00e9g, m\u00e9regtelen\u00edt\u0151, b\u0151rfiatal\u00edt\u00f3 hat\u00e1s\u00fa, harmoniz\u00e1l \u00e9s egyens\u00falyt teremt.<\/p>\n<p><!-- \/wp:paragraph --><br \/><!-- wp:paragraph --><\/p>\n<p><strong><a href=\"https:\/\/eroticmassage.hu\/talpmasszazs\/\">Talpmassz\u00e1zs<\/a><\/strong><\/p>\n<p><!-- \/wp:paragraph --><br \/><!-- wp:paragraph --><\/p>\n<p>Szinte a vil\u00e1gon mindenhol ismert, t\u00f6bb ezer \u00e9ves m\u00faltra tekint vissza. Kr\u00f3nikus betegs\u00e9gekben kiv\u00e1l\u00f3an alkalmazhat\u00f3. Az orvosl\u00e1sban is elfogadott, mint gy\u00f3gyul\u00e1st el\u0151seg\u00edt\u0151 ter\u00e1pia.<\/p>\n<p><!-- \/wp:paragraph --><br \/><!-- wp:paragraph --><\/p>\n<p><a href=\"https:\/\/eroticmassage.hu\/yumeiho-masszazs\/\"><strong>Yumeiho massz\u00e1zs<\/strong><\/a><\/p>\n<p><!-- \/wp:paragraph --><br \/><!-- wp:paragraph --><\/p>\n<p>Jap\u00e1nb\u00f3l sz\u00e1rmaz\u00f3 massz\u00e1zs, mely 100 alapfog\u00e1sb\u00f3l \u00e1ll\u00f3 massz\u00e1zsfajta. Sz\u00e1mos betegs\u00e9g kezel\u00e9s\u00e9ben haszn\u00e1lj\u00e1k, emellett friss\u00edt\u0151 hat\u00e1sa is van. Aki eg\u00e9szs\u00e9ges annak a test\u00e9ben az energi\u00e1k szabadon \u00e1ramolnak, azonban, ha ez az \u00e1raml\u00e1s megakad, ott betegs\u00e9g alakulhat ki. Ez a massz\u00e1zst\u00edpus ezeknek az energiablokkoknak az okait a test asszimmetri\u00e1j\u00e1ban keresi.<\/p>\n<p><!-- \/wp:paragraph --><br \/><!-- wp:paragraph --><\/p>\n<p><strong>Shiatsu massz\u00e1zs<\/strong><\/p>\n<p><!-- \/wp:paragraph --><br \/><!-- wp:paragraph --><\/p>\n<p>Jelent\u00e9se ujjnyom\u00e1s. Az akupunkt\u00fara \u00e9s a k\u00ednai gy\u00f3gy\u00e1szat elemeit haszn\u00e1lja. Az eg\u00e9sz testre kiterjed\u0151 massz\u00e1zs a l\u00e1bujjakt\u00f3l eg\u00e9szen a fejig.<\/p>\n<p><!-- \/wp:paragraph --><br \/><!-- wp:paragraph --><\/p>\n<p><strong>Massz\u00e1zsprogramok:<\/strong><\/p>\n<p><!-- \/wp:paragraph --><br \/><!-- wp:paragraph --><\/p>\n<p>&#8211; 30 perces massz\u00e1zsprogram: egy adott testr\u00e9sz massz\u00edroz\u00e1sa, r\u00e9szmassz\u00e1zs. A vend\u00e9g ig\u00e9nye szerint v\u00e1laszthat\u00f3.<\/p>\n<p><!-- \/wp:paragraph --><br \/><!-- wp:paragraph --><\/p>\n<p>-60 perces massz\u00e1zsprogram: a teljes testre kiterjed\u0151 massz\u00edroz\u00e1s, olajjal, vagy kr\u00e9mmel. Ak\u00e1r n\u00e9gykezes v\u00e1ltozatban is k\u00e9rhet\u0151 program.<\/p>\n<p><!-- \/wp:paragraph --><br \/><!-- wp:paragraph --><\/p>\n<p>-90 perces program: az eg\u00e9sz testet \u00e9rint\u0151 massz\u00e1zs, ak\u00e1r szinkronmassz\u00e1zs ig\u00e9nybev\u00e9tel\u00e9vel.<\/p>\n<p><!-- \/wp:paragraph --><br \/><!-- wp:paragraph --><\/p>\n<p>-120 perces program: teljes testet \u00e9rint\u0151 \u00e9s v\u00e1laszthat\u00f3 massz\u00e1zsprogram a vend\u00e9g ig\u00e9nyeihez igazodva.<\/p>\n<p><!-- \/wp:paragraph --><br \/><!-- wp:paragraph --><\/p>\n<p>Massz\u0151zeinkben megtal\u00e1lja a n\u0151iess\u00e9get, a kedvess\u00e9get, a b\u00e1jt, a profizmust, a szenved\u00e9lyt, a gyeng\u00e9ds\u00e9get \u00e9s az \u00e9rz\u00e9kis\u00e9get.<\/p>\n<p><!-- \/wp:paragraph --><br \/><!-- wp:paragraph --><\/p>\n<p>Szeretettel v\u00e1rjuk minden kedves visszat\u00e9r\u0151 \u00e9s \u00faj Vend\u00e9geink l\u00e1togat\u00e1s\u00e1t, hogy a Dreamhouse Erotic Massage Budapest egy felejthetetlen kikapcsol\u00f3d\u00e1ssal aj\u00e1nd\u00e9kozza meg a hozz\u00e1nk ell\u00e1togat\u00f3 \u00e9s massz\u00e1zs ir\u00e1nt \u00e9rdekl\u0151d\u0151ket!<\/p>\n<p><!-- \/wp:paragraph --><\/p>","protected":false},"excerpt":{"rendered":"<p>Az al\u00e1bbi szolg\u00e1ltat\u00e1saink k\u00f6z\u00fcl v\u00e1laszthat a hozz\u00e1nk ell\u00e1togat\u00f3 Kedves Vend\u00e9g, ahol okleveles, kedves massz\u0151zh\u00f6lgyek v\u00e1rj\u00e1k Budapesten! Szolg\u00e1ltat\u00e1saink a Dreamhouse erotikus massz\u00e1zs szalonban \u00e9rhet\u0151k el\u2026 \u00a0Pezsg\u0151f\u00fcrd\u0151s k\u00e9nyeztet\u00e9s\u00a0 A relax\u00e1ci\u00f3 fels\u0151foka: akik a v\u00edz szerelmesei azoknak nincs jobb kikapcsol\u00f3d\u00e1s egy kellemesen csobog\u00f3 pezsg\u0151f\u00fcrd\u0151n\u00e9l\u00a0egy gy\u00f6ny\u00f6r\u0171 l\u00e1nnyal, aki k\u00f6zben minden mozdulat\u00e1val seg\u00edt kiszak\u00edtani a stresszes h\u00e9tk\u00f6znapokb\u00f3l. \u00c9lvezze az \u00e9letet [&hellip;]<\/p>\n","protected":false},"author":4,"featured_media":0,"parent":0,"menu_order":0,"comment_status":"closed","ping_status":"closed","template":"","meta":{"footnotes":""},"class_list":["post-29","page","type-page","status-publish","hentry"],"_links":{"self":[{"href":"https:\/\/eroticmassage.hu\/hu\/wp-json\/wp\/v2\/pages\/29","targetHints":{"allow":["GET"]}}],"collection":[{"href":"https:\/\/eroticmassage.hu\/hu\/wp-json\/wp\/v2\/pages"}],"about":[{"href":"https:\/\/eroticmassage.hu\/hu\/wp-json\/wp\/v2\/types\/page"}],"author":[{"embeddable":true,"href":"https:\/\/eroticmassage.hu\/hu\/wp-json\/wp\/v2\/users\/4"}],"replies":[{"embeddable":true,"href":"https:\/\/eroticmassage.hu\/hu\/wp-json\/wp\/v2\/comments?post=29"}],"version-history":[{"count":7,"href":"https:\/\/eroticmassage.hu\/hu\/wp-json\/wp\/v2\/pages\/29\/revisions"}],"predecessor-version":[{"id":6493,"href":"https:\/\/eroticmassage.hu\/hu\/wp-json\/wp\/v2\/pages\/29\/revisions\/6493"}],"wp:attachment":[{"href":"https:\/\/eroticmassage.hu\/hu\/wp-json\/wp\/v2\/media?parent=29"}],"curies":[{"name":"wp","href":"https:\/\/api.w.org\/{rel}","templated":true}]}}