{"id":27,"date":"2017-06-05T16:46:16","date_gmt":"2017-06-05T16:46:16","guid":{"rendered":"http:\/\/massage.nerla.hu\/?page_id=27"},"modified":"2019-06-28T11:06:50","modified_gmt":"2019-06-28T09:06:50","slug":"allasajanlat","status":"publish","type":"page","link":"https:\/\/eroticmassage.hu\/hu\/allasajanlat\/","title":{"rendered":"\u00c1ll\u00e1saj\u00e1nlat"},"content":{"rendered":"<p>L\u00c9GY A MAGAD F\u0150N\u00d6KE!<br \/>\nKoll\u00e9gan\u0151ket keres\u00fcnk massz\u0151z munkak\u00f6rbe egy\u00e9ni v\u00e1llalkoz\u00f3k\u00e9nt. Minden massz\u00e1zsfajt\u00e1nk teljesen szexmentes. Kedvez\u0151 helyis\u00e9g b\u00e9rleti d\u00edj, melyet egym\u00e1s k\u00f6z\u00f6tt elosztunk. Jelentkez\u00e9shez k\u00fcldj egy r\u00f6vid bemutatkoz\u00e1st fot\u00f3val \u00e9s telefonsz\u00e1mmal a dhmjob@gmail.com-ra.<\/p>\n","protected":false},"excerpt":{"rendered":"<p>L\u00c9GY A MAGAD F\u0150N\u00d6KE! Koll\u00e9gan\u0151ket keres\u00fcnk massz\u0151z munkak\u00f6rbe egy\u00e9ni v\u00e1llalkoz\u00f3k\u00e9nt. Minden massz\u00e1zsfajt\u00e1nk teljesen szexmentes. Kedvez\u0151 helyis\u00e9g b\u00e9rleti d\u00edj, melyet egym\u00e1s k\u00f6z\u00f6tt elosztunk. Jelentkez\u00e9shez k\u00fcldj egy r\u00f6vid bemutatkoz\u00e1st fot\u00f3val \u00e9s telefonsz\u00e1mmal a dhmjob@gmail.com-ra.<\/p>\n","protected":false},"author":4,"featured_media":0,"parent":0,"menu_order":0,"comment_status":"closed","ping_status":"closed","template":"","meta":{"footnotes":""},"class_list":["post-27","page","type-page","status-publish","hentry"],"_links":{"self":[{"href":"https:\/\/eroticmassage.hu\/hu\/wp-json\/wp\/v2\/pages\/27","targetHints":{"allow":["GET"]}}],"collection":[{"href":"https:\/\/eroticmassage.hu\/hu\/wp-json\/wp\/v2\/pages"}],"about":[{"href":"https:\/\/eroticmassage.hu\/hu\/wp-json\/wp\/v2\/types\/page"}],"author":[{"embeddable":true,"href":"https:\/\/eroticmassage.hu\/hu\/wp-json\/wp\/v2\/users\/4"}],"replies":[{"embeddable":true,"href":"https:\/\/eroticmassage.hu\/hu\/wp-json\/wp\/v2\/comments?post=27"}],"version-history":[{"count":3,"href":"https:\/\/eroticmassage.hu\/hu\/wp-json\/wp\/v2\/pages\/27\/revisions"}],"predecessor-version":[{"id":1821,"href":"https:\/\/eroticmassage.hu\/hu\/wp-json\/wp\/v2\/pages\/27\/revisions\/1821"}],"wp:attachment":[{"href":"https:\/\/eroticmassage.hu\/hu\/wp-json\/wp\/v2\/media?parent=27"}],"curies":[{"name":"wp","href":"https:\/\/api.w.org\/{rel}","templated":true}]}}