{"id":25,"date":"2017-06-05T16:45:55","date_gmt":"2017-06-05T16:45:55","guid":{"rendered":"http:\/\/massage.nerla.hu\/?page_id=25"},"modified":"2023-02-11T16:38:06","modified_gmt":"2023-02-11T14:38:06","slug":"kapcsolat","status":"publish","type":"page","link":"https:\/\/eroticmassage.hu\/hu\/kapcsolat\/","title":{"rendered":"Kapcsolat"},"content":{"rendered":"<table>\n<tbody>\n<tr>\n<td>\n<p>A <strong><a href=\"https:\/\/maps.google.com\/maps?q=Budapest,+6+ker%C3%BClet,+Aradi+utca+52,+Magyarorsz%C3%A1g&amp;hl=hu&amp;ie=UTF8&amp;ll=47.509925,19.068167&amp;spn=0.00803,0.018432&amp;sll=47.509925,19.068167&amp;sspn=0.00803,0.018432&amp;oq=budapest+6.+ker%C3%BClet,+Aradi+utca+52.&amp;hnear=1062+Budapest,+Aradi+utca+52,+Magyarorsz%C3%A1g&amp;t=m&amp;z=16\" target=\"_blank\" rel=\"noopener noreferrer\">VI. ker\u00fcleti belv\u00e1rosi szalonunk<\/a><\/strong> h\u00e9tf\u0151t\u0151l-vas\u00e1rnapig v\u00e1rja a kedves \u00a0\u00c9rdekl\u0151d\u0151ket.<\/p>\n<p>Telegram: <a href=\"tel:+36-70-707-1707\">+36-70-707-1707<\/a><\/p>\n<p><a href=\"tel:+36-70-503-0040\">\u00a0 \u00a0 \u00a0 \u00a0 \u00a0 \u00a0 \u00a0 \u00a0 \u00a0+36-70-503-0040<\/a><\/p>\n<\/td>\n<td><iframe style=\"border: 0;\" data-src=\"https:\/\/www.google.com\/maps\/embed?pb=!1m14!1m8!1m3!1d10779.91936572421!2d19.0679598!3d47.5097838!3m2!1i1024!2i768!4f13.1!3m3!1m2!1s0x0%3A0xdb894987504d842b!2sDreamhouse%20Massage!5e0!3m2!1shu!2shu!4v1584959365909!5m2!1shu!2shu\" width=\"400\" height=\"300\" frameborder=\"0\" allowfullscreen=\"allowfullscreen\" src=\"data:image\/svg+xml;base64,PHN2ZyB3aWR0aD0iMSIgaGVpZ2h0PSIxIiB4bWxucz0iaHR0cDovL3d3dy53My5vcmcvMjAwMC9zdmciPjwvc3ZnPg==\" class=\"lazyload\" data-load-mode=\"1\"><\/iframe><\/td>\n<\/tr>\n<\/tbody>\n<\/table>\n","protected":false},"excerpt":{"rendered":"<p>A VI. ker\u00fcleti belv\u00e1rosi szalonunk h\u00e9tf\u0151t\u0151l-vas\u00e1rnapig v\u00e1rja a kedves \u00a0\u00c9rdekl\u0151d\u0151ket. Telegram: +36-70-707-1707 \u00a0 \u00a0 \u00a0 \u00a0 \u00a0 \u00a0 \u00a0 \u00a0 \u00a0+36-70-503-0040<\/p>\n","protected":false},"author":4,"featured_media":0,"parent":0,"menu_order":0,"comment_status":"closed","ping_status":"closed","template":"","meta":{"footnotes":""},"class_list":["post-25","page","type-page","status-publish","hentry"],"_links":{"self":[{"href":"https:\/\/eroticmassage.hu\/hu\/wp-json\/wp\/v2\/pages\/25","targetHints":{"allow":["GET"]}}],"collection":[{"href":"https:\/\/eroticmassage.hu\/hu\/wp-json\/wp\/v2\/pages"}],"about":[{"href":"https:\/\/eroticmassage.hu\/hu\/wp-json\/wp\/v2\/types\/page"}],"author":[{"embeddable":true,"href":"https:\/\/eroticmassage.hu\/hu\/wp-json\/wp\/v2\/users\/4"}],"replies":[{"embeddable":true,"href":"https:\/\/eroticmassage.hu\/hu\/wp-json\/wp\/v2\/comments?post=25"}],"version-history":[{"count":9,"href":"https:\/\/eroticmassage.hu\/hu\/wp-json\/wp\/v2\/pages\/25\/revisions"}],"predecessor-version":[{"id":4208,"href":"https:\/\/eroticmassage.hu\/hu\/wp-json\/wp\/v2\/pages\/25\/revisions\/4208"}],"wp:attachment":[{"href":"https:\/\/eroticmassage.hu\/hu\/wp-json\/wp\/v2\/media?parent=25"}],"curies":[{"name":"wp","href":"https:\/\/api.w.org\/{rel}","templated":true}]}}