{"id":23,"date":"2017-06-05T16:45:35","date_gmt":"2017-06-05T16:45:35","guid":{"rendered":"http:\/\/massage.nerla.hu\/?page_id=23"},"modified":"2021-01-26T00:10:50","modified_gmt":"2021-01-25T22:10:50","slug":"szalon","status":"publish","type":"page","link":"https:\/\/eroticmassage.hu\/hu\/szalon\/","title":{"rendered":"Szalon"},"content":{"rendered":"<p><strong><a href=\"https:\/\/maps.google.com\/maps?q=Budapest,+6+ker%C3%BClet,+Aradi+utca+52,+Magyarorsz%C3%A1g&amp;hl=hu&amp;ie=UTF8&amp;ll=47.509925,19.068167&amp;spn=0.00803,0.018432&amp;sll=47.509925,19.068167&amp;sspn=0.00803,0.018432&amp;oq=budapest+6.+ker%C3%BClet,+Aradi+utca+52.&amp;hnear=1062+Budapest,+Aradi+utca+52,+Magyarorsz%C3%A1g&amp;t=m&amp;z=16\" target=\"_blank\" rel=\"noopener noreferrer\">VI. ker\u00fclet, Budapest Aradi u.<\/a><\/strong><\/p>\n<p>Belv\u00e1rosi szalonunk az Andr\u00e1ssy \u00fat mellett, az Oktogon \u00e9s a\u00a0 Kod\u00e1ly K\u00f6r\u00f6nd k\u00f6z\u00f6tt tal\u00e1lhat\u00f3.<\/p>\n<p>Telefon: +36-1-269-13-90<br \/>Mobil: +36-70-503-0040<\/p>\n<p>El\u00e9rhet\u0151s\u00e9g\u00fcnk: H\u00e9tf\u0151t\u0151l-Vas\u00e1rnapig: 10-19 \u00f3r\u00e1ig.<\/p>\n<p>El\u0151zetes telefonbejelentkez\u00e9s sz\u00fcks\u00e9ges!<br \/>Szeretettel v\u00e1runk minden Kedves kikapcsol\u00f3dni v\u00e1gy\u00f3 Vend\u00e9get!<\/p>\n\n\n<figure class=\"wp-block-image size-large\"><img fetchpriority=\"high\" decoding=\"async\" width=\"1024\" height=\"683\" src=\"https:\/\/eroticmassage.hu\/wp-content\/uploads\/2021\/01\/dremahouse-vip-room-7.jpg\" alt=\"\" class=\"wp-image-3247\" srcset=\"https:\/\/eroticmassage.hu\/wp-content\/uploads\/2021\/01\/dremahouse-vip-room-7.jpg 1024w, https:\/\/eroticmassage.hu\/wp-content\/uploads\/2021\/01\/dremahouse-vip-room-7-300x200.jpg 300w, https:\/\/eroticmassage.hu\/wp-content\/uploads\/2021\/01\/dremahouse-vip-room-7-768x512.jpg 768w, https:\/\/eroticmassage.hu\/wp-content\/uploads\/2021\/01\/dremahouse-vip-room-7-600x400.jpg 600w, https:\/\/eroticmassage.hu\/wp-content\/uploads\/2021\/01\/dremahouse-vip-room-7-200x133.jpg 200w, https:\/\/eroticmassage.hu\/wp-content\/uploads\/2021\/01\/dremahouse-vip-room-7-480x320.jpg 480w\" sizes=\"(max-width: 1024px) 100vw, 1024px\" \/><\/figure>\n\n\n\n<figure class=\"wp-block-image size-large\"><img decoding=\"async\" width=\"1024\" height=\"684\" data-src=\"https:\/\/eroticmassage.hu\/wp-content\/uploads\/2021\/01\/room-2.-3.jpg\" alt=\"\" class=\"wp-image-3249 lazyload\" data-srcset=\"https:\/\/eroticmassage.hu\/wp-content\/uploads\/2021\/01\/room-2.-3.jpg 1024w, https:\/\/eroticmassage.hu\/wp-content\/uploads\/2021\/01\/room-2.-3-300x200.jpg 300w, https:\/\/eroticmassage.hu\/wp-content\/uploads\/2021\/01\/room-2.-3-768x513.jpg 768w, https:\/\/eroticmassage.hu\/wp-content\/uploads\/2021\/01\/room-2.-3-599x400.jpg 599w, https:\/\/eroticmassage.hu\/wp-content\/uploads\/2021\/01\/room-2.-3-200x134.jpg 200w, https:\/\/eroticmassage.hu\/wp-content\/uploads\/2021\/01\/room-2.-3-480x321.jpg 480w\" data-sizes=\"(max-width: 1024px) 100vw, 1024px\" src=\"data:image\/svg+xml;base64,PHN2ZyB3aWR0aD0iMSIgaGVpZ2h0PSIxIiB4bWxucz0iaHR0cDovL3d3dy53My5vcmcvMjAwMC9zdmciPjwvc3ZnPg==\" style=\"--smush-placeholder-width: 1024px; --smush-placeholder-aspect-ratio: 1024\/684;\" \/><\/figure>\n\n\n\n<figure class=\"wp-block-image size-large\"><img decoding=\"async\" width=\"1024\" height=\"683\" data-src=\"https:\/\/eroticmassage.hu\/wp-content\/uploads\/2021\/01\/room-1.-4.jpg\" alt=\"\" class=\"wp-image-3251 lazyload\" data-srcset=\"https:\/\/eroticmassage.hu\/wp-content\/uploads\/2021\/01\/room-1.-4.jpg 1024w, https:\/\/eroticmassage.hu\/wp-content\/uploads\/2021\/01\/room-1.-4-300x200.jpg 300w, https:\/\/eroticmassage.hu\/wp-content\/uploads\/2021\/01\/room-1.-4-768x512.jpg 768w, https:\/\/eroticmassage.hu\/wp-content\/uploads\/2021\/01\/room-1.-4-600x400.jpg 600w, https:\/\/eroticmassage.hu\/wp-content\/uploads\/2021\/01\/room-1.-4-200x133.jpg 200w, https:\/\/eroticmassage.hu\/wp-content\/uploads\/2021\/01\/room-1.-4-480x320.jpg 480w\" data-sizes=\"(max-width: 1024px) 100vw, 1024px\" src=\"data:image\/svg+xml;base64,PHN2ZyB3aWR0aD0iMSIgaGVpZ2h0PSIxIiB4bWxucz0iaHR0cDovL3d3dy53My5vcmcvMjAwMC9zdmciPjwvc3ZnPg==\" style=\"--smush-placeholder-width: 1024px; --smush-placeholder-aspect-ratio: 1024\/683;\" \/><\/figure>\n\n\n\n<figure class=\"wp-block-image size-large\"><img decoding=\"async\" width=\"1024\" height=\"683\" data-src=\"https:\/\/eroticmassage.hu\/wp-content\/uploads\/2021\/01\/dreamhouse-5.-room-5.jpg\" alt=\"\" class=\"wp-image-3253 lazyload\" data-srcset=\"https:\/\/eroticmassage.hu\/wp-content\/uploads\/2021\/01\/dreamhouse-5.-room-5.jpg 1024w, https:\/\/eroticmassage.hu\/wp-content\/uploads\/2021\/01\/dreamhouse-5.-room-5-300x200.jpg 300w, https:\/\/eroticmassage.hu\/wp-content\/uploads\/2021\/01\/dreamhouse-5.-room-5-768x512.jpg 768w, https:\/\/eroticmassage.hu\/wp-content\/uploads\/2021\/01\/dreamhouse-5.-room-5-600x400.jpg 600w, https:\/\/eroticmassage.hu\/wp-content\/uploads\/2021\/01\/dreamhouse-5.-room-5-200x133.jpg 200w, https:\/\/eroticmassage.hu\/wp-content\/uploads\/2021\/01\/dreamhouse-5.-room-5-480x320.jpg 480w\" data-sizes=\"(max-width: 1024px) 100vw, 1024px\" src=\"data:image\/svg+xml;base64,PHN2ZyB3aWR0aD0iMSIgaGVpZ2h0PSIxIiB4bWxucz0iaHR0cDovL3d3dy53My5vcmcvMjAwMC9zdmciPjwvc3ZnPg==\" style=\"--smush-placeholder-width: 1024px; --smush-placeholder-aspect-ratio: 1024\/683;\" \/><\/figure>\n\n\n\n<figure class=\"wp-block-image size-large\"><img decoding=\"async\" width=\"1024\" height=\"683\" data-src=\"https:\/\/eroticmassage.hu\/wp-content\/uploads\/2021\/01\/dreamhouse-4.-room-3.jpg\" alt=\"\" class=\"wp-image-3255 lazyload\" data-srcset=\"https:\/\/eroticmassage.hu\/wp-content\/uploads\/2021\/01\/dreamhouse-4.-room-3.jpg 1024w, https:\/\/eroticmassage.hu\/wp-content\/uploads\/2021\/01\/dreamhouse-4.-room-3-300x200.jpg 300w, https:\/\/eroticmassage.hu\/wp-content\/uploads\/2021\/01\/dreamhouse-4.-room-3-768x512.jpg 768w, https:\/\/eroticmassage.hu\/wp-content\/uploads\/2021\/01\/dreamhouse-4.-room-3-600x400.jpg 600w, https:\/\/eroticmassage.hu\/wp-content\/uploads\/2021\/01\/dreamhouse-4.-room-3-200x133.jpg 200w, https:\/\/eroticmassage.hu\/wp-content\/uploads\/2021\/01\/dreamhouse-4.-room-3-480x320.jpg 480w\" data-sizes=\"(max-width: 1024px) 100vw, 1024px\" src=\"data:image\/svg+xml;base64,PHN2ZyB3aWR0aD0iMSIgaGVpZ2h0PSIxIiB4bWxucz0iaHR0cDovL3d3dy53My5vcmcvMjAwMC9zdmciPjwvc3ZnPg==\" style=\"--smush-placeholder-width: 1024px; --smush-placeholder-aspect-ratio: 1024\/683;\" \/><\/figure>\n\n\n\n<figure class=\"wp-block-image size-large\"><img decoding=\"async\" width=\"1024\" height=\"683\" data-src=\"https:\/\/eroticmassage.hu\/wp-content\/uploads\/2021\/01\/living-room-2.jpg\" alt=\"\" class=\"wp-image-3259 lazyload\" data-srcset=\"https:\/\/eroticmassage.hu\/wp-content\/uploads\/2021\/01\/living-room-2.jpg 1024w, https:\/\/eroticmassage.hu\/wp-content\/uploads\/2021\/01\/living-room-2-300x200.jpg 300w, https:\/\/eroticmassage.hu\/wp-content\/uploads\/2021\/01\/living-room-2-768x512.jpg 768w, https:\/\/eroticmassage.hu\/wp-content\/uploads\/2021\/01\/living-room-2-600x400.jpg 600w, https:\/\/eroticmassage.hu\/wp-content\/uploads\/2021\/01\/living-room-2-200x133.jpg 200w, https:\/\/eroticmassage.hu\/wp-content\/uploads\/2021\/01\/living-room-2-480x320.jpg 480w\" data-sizes=\"(max-width: 1024px) 100vw, 1024px\" src=\"data:image\/svg+xml;base64,PHN2ZyB3aWR0aD0iMSIgaGVpZ2h0PSIxIiB4bWxucz0iaHR0cDovL3d3dy53My5vcmcvMjAwMC9zdmciPjwvc3ZnPg==\" style=\"--smush-placeholder-width: 1024px; --smush-placeholder-aspect-ratio: 1024\/683;\" \/><\/figure>\n\n\n\n<figure class=\"wp-block-image size-large\"><img decoding=\"async\" width=\"1024\" height=\"628\" data-src=\"https:\/\/eroticmassage.hu\/wp-content\/uploads\/2021\/01\/waiting-room-7.jpg\" alt=\"\" class=\"wp-image-3261 lazyload\" data-srcset=\"https:\/\/eroticmassage.hu\/wp-content\/uploads\/2021\/01\/waiting-room-7.jpg 1024w, https:\/\/eroticmassage.hu\/wp-content\/uploads\/2021\/01\/waiting-room-7-300x184.jpg 300w, https:\/\/eroticmassage.hu\/wp-content\/uploads\/2021\/01\/waiting-room-7-768x471.jpg 768w, https:\/\/eroticmassage.hu\/wp-content\/uploads\/2021\/01\/waiting-room-7-652x400.jpg 652w, https:\/\/eroticmassage.hu\/wp-content\/uploads\/2021\/01\/waiting-room-7-200x123.jpg 200w, https:\/\/eroticmassage.hu\/wp-content\/uploads\/2021\/01\/waiting-room-7-480x294.jpg 480w\" data-sizes=\"(max-width: 1024px) 100vw, 1024px\" src=\"data:image\/svg+xml;base64,PHN2ZyB3aWR0aD0iMSIgaGVpZ2h0PSIxIiB4bWxucz0iaHR0cDovL3d3dy53My5vcmcvMjAwMC9zdmciPjwvc3ZnPg==\" style=\"--smush-placeholder-width: 1024px; --smush-placeholder-aspect-ratio: 1024\/628;\" \/><\/figure>\n\n\n","protected":false},"excerpt":{"rendered":"<p>VI. ker\u00fclet, Budapest Aradi u. Belv\u00e1rosi szalonunk az Andr\u00e1ssy \u00fat mellett, az Oktogon \u00e9s a\u00a0 Kod\u00e1ly K\u00f6r\u00f6nd k\u00f6z\u00f6tt tal\u00e1lhat\u00f3. Telefon: +36-1-269-13-90Mobil: +36-70-503-0040 El\u00e9rhet\u0151s\u00e9g\u00fcnk: H\u00e9tf\u0151t\u0151l-Vas\u00e1rnapig: 10-19 \u00f3r\u00e1ig. El\u0151zetes telefonbejelentkez\u00e9s sz\u00fcks\u00e9ges!Szeretettel v\u00e1runk minden Kedves kikapcsol\u00f3dni v\u00e1gy\u00f3 Vend\u00e9get!<\/p>\n","protected":false},"author":4,"featured_media":0,"parent":0,"menu_order":0,"comment_status":"closed","ping_status":"closed","template":"","meta":{"footnotes":""},"class_list":["post-23","page","type-page","status-publish","hentry"],"_links":{"self":[{"href":"https:\/\/eroticmassage.hu\/hu\/wp-json\/wp\/v2\/pages\/23","targetHints":{"allow":["GET"]}}],"collection":[{"href":"https:\/\/eroticmassage.hu\/hu\/wp-json\/wp\/v2\/pages"}],"about":[{"href":"https:\/\/eroticmassage.hu\/hu\/wp-json\/wp\/v2\/types\/page"}],"author":[{"embeddable":true,"href":"https:\/\/eroticmassage.hu\/hu\/wp-json\/wp\/v2\/users\/4"}],"replies":[{"embeddable":true,"href":"https:\/\/eroticmassage.hu\/hu\/wp-json\/wp\/v2\/comments?post=23"}],"version-history":[{"count":3,"href":"https:\/\/eroticmassage.hu\/hu\/wp-json\/wp\/v2\/pages\/23\/revisions"}],"predecessor-version":[{"id":3263,"href":"https:\/\/eroticmassage.hu\/hu\/wp-json\/wp\/v2\/pages\/23\/revisions\/3263"}],"wp:attachment":[{"href":"https:\/\/eroticmassage.hu\/hu\/wp-json\/wp\/v2\/media?parent=23"}],"curies":[{"name":"wp","href":"https:\/\/api.w.org\/{rel}","templated":true}]}}